{"id":997,"date":"2023-09-27T12:18:07","date_gmt":"2023-09-27T16:18:07","guid":{"rendered":"https:\/\/www.promoto.fr\/pneus\/?post_type=product&#038;p=997"},"modified":"2024-10-15T10:27:18","modified_gmt":"2024-10-15T14:27:18","slug":"pneu-route-180-55-17-michelin-pilot-road-4","status":"publish","type":"product","link":"https:\/\/www.promoto.fr\/pneus\/product\/pneu-route-180-55-17-michelin-pilot-road-4\/","title":{"rendered":"PNEU ROUTE 180\/55-17 MICHELIN PILOT ROAD 4"},"content":{"rendered":"","protected":false},"excerpt":{"rendered":"<p>Le MICHELIN Pilot Road 4 est un pneu moto qui offre un excellent comportement sur route s\u00e8che comme mouill\u00e9e. Son adh\u00e9rence et son freinage r\u00e9actif contribuent \u00e0 un haut niveau de s\u00e9curit\u00e9 pendant de nombreux kilom\u00e8tres.<\/p>\n","protected":false},"featured_media":998,"template":"","meta":[],"product_cat":[27,23],"product_tag":[],"class_list":["post-997","product","type-product","status-publish","has-post-thumbnail","hentry","product_cat-routiere-et-sportive","product_cat-scooter","odd"],"yoast_head":"<!-- This site is optimized with the Yoast SEO plugin v19.0 - https:\/\/yoast.com\/wordpress\/plugins\/seo\/ -->\n<title>PNEU ROUTE 180\/55-17 MICHELIN PILOT ROAD 4 - Promoto pneu<\/title>\n<meta name=\"description\" content=\"PROMOTO Martinique vend le pneu moto Dunlop Smart 140\/70-14 68 arri\u00e8re est un des pneus qui offre la meilleure adh\u00e9rence sur route mouill\u00e9e.\" \/>\n<meta name=\"robots\" content=\"index, follow, max-snippet:-1, max-image-preview:large, max-video-preview:-1\" \/>\n<link rel=\"canonical\" href=\"https:\/\/www.promoto.fr\/pneus\/product\/pneu-route-180-55-17-michelin-pilot-road-4\/\" \/>\n<meta property=\"og:locale\" content=\"fr_FR\" \/>\n<meta property=\"og:type\" content=\"article\" \/>\n<meta property=\"og:title\" content=\"Dunlop Smart 140\/70-14 68\" \/>\n<meta property=\"og:description\" content=\"PROMOTO Martinique vend le pneu moto Dunlop Smart 140\/70-14 68 arri\u00e8re est un des pneus qui offre la meilleure adh\u00e9rence sur route mouill\u00e9e.\" \/>\n<meta property=\"og:url\" content=\"https:\/\/www.promoto.fr\/pneus\/product\/pneu-route-180-55-17-michelin-pilot-road-4\/\" \/>\n<meta property=\"og:site_name\" content=\"Promoto pneu\" \/>\n<meta property=\"article:publisher\" content=\"https:\/\/www.facebook.com\/promoto972\" \/>\n<meta property=\"article:modified_time\" content=\"2024-10-15T14:27:18+00:00\" \/>\n<meta property=\"og:image\" content=\"https:\/\/www.promoto.fr\/pneus\/wp-content\/uploads\/2023\/09\/1805517-ROAD-4.jpg\" \/>\n\t<meta property=\"og:image:width\" content=\"300\" \/>\n\t<meta property=\"og:image:height\" content=\"250\" \/>\n\t<meta property=\"og:image:type\" content=\"image\/jpeg\" \/>\n<meta name=\"twitter:card\" content=\"summary_large_image\" \/>\n<meta name=\"twitter:title\" content=\"Dunlop Smart 140\/70-14 68\" \/>\n<meta name=\"twitter:description\" content=\"PROMOTO Martinique vend le pneu moto Dunlop Smart 140\/70-14 68 arri\u00e8re est un des pneus qui offre la meilleure adh\u00e9rence sur route mouill\u00e9e.\" \/>\n<script type=\"application\/ld+json\" class=\"yoast-schema-graph\">{\"@context\":\"https:\/\/schema.org\",\"@graph\":[{\"@type\":\"Organization\",\"@id\":\"https:\/\/www.promoto.fr\/pneus\/#organization\",\"name\":\"Promoto pneu\",\"url\":\"https:\/\/www.promoto.fr\/pneus\/\",\"sameAs\":[\"https:\/\/www.instagram.com\/promoto972\/\",\"https:\/\/www.facebook.com\/promoto972\"],\"logo\":{\"@type\":\"ImageObject\",\"inLanguage\":\"fr-FR\",\"@id\":\"https:\/\/www.promoto.fr\/pneus\/#\/schema\/logo\/image\/\",\"url\":\"https:\/\/www.promoto.fr\/pneus\/wp-content\/uploads\/2022\/05\/Logo-site-promoto-pneu-copie.png\",\"contentUrl\":\"https:\/\/www.promoto.fr\/pneus\/wp-content\/uploads\/2022\/05\/Logo-site-promoto-pneu-copie.png\",\"width\":1588,\"height\":241,\"caption\":\"Promoto pneu\"},\"image\":{\"@id\":\"https:\/\/www.promoto.fr\/pneus\/#\/schema\/logo\/image\/\"}},{\"@type\":\"WebSite\",\"@id\":\"https:\/\/www.promoto.fr\/pneus\/#website\",\"url\":\"https:\/\/www.promoto.fr\/pneus\/\",\"name\":\"Promoto pneu\",\"description\":\"Pneus moto pas cher en ligne\",\"publisher\":{\"@id\":\"https:\/\/www.promoto.fr\/pneus\/#organization\"},\"potentialAction\":[{\"@type\":\"SearchAction\",\"target\":{\"@type\":\"EntryPoint\",\"urlTemplate\":\"https:\/\/www.promoto.fr\/pneus\/?s={search_term_string}\"},\"query-input\":\"required name=search_term_string\"}],\"inLanguage\":\"fr-FR\"},{\"@type\":\"ImageObject\",\"inLanguage\":\"fr-FR\",\"@id\":\"https:\/\/www.promoto.fr\/pneus\/product\/pneu-route-180-55-17-michelin-pilot-road-4\/#primaryimage\",\"url\":\"https:\/\/www.promoto.fr\/pneus\/wp-content\/uploads\/2023\/09\/1805517-ROAD-4.jpg\",\"contentUrl\":\"https:\/\/www.promoto.fr\/pneus\/wp-content\/uploads\/2023\/09\/1805517-ROAD-4.jpg\",\"width\":300,\"height\":250},{\"@type\":\"WebPage\",\"@id\":\"https:\/\/www.promoto.fr\/pneus\/product\/pneu-route-180-55-17-michelin-pilot-road-4\/#webpage\",\"url\":\"https:\/\/www.promoto.fr\/pneus\/product\/pneu-route-180-55-17-michelin-pilot-road-4\/\",\"name\":\"PNEU ROUTE 180\/55-17 MICHELIN PILOT ROAD 4 - Promoto pneu\",\"isPartOf\":{\"@id\":\"https:\/\/www.promoto.fr\/pneus\/#website\"},\"primaryImageOfPage\":{\"@id\":\"https:\/\/www.promoto.fr\/pneus\/product\/pneu-route-180-55-17-michelin-pilot-road-4\/#primaryimage\"},\"datePublished\":\"2023-09-27T16:18:07+00:00\",\"dateModified\":\"2024-10-15T14:27:18+00:00\",\"description\":\"PROMOTO Martinique vend le pneu moto Dunlop Smart 140\/70-14 68 arri\u00e8re est un des pneus qui offre la meilleure adh\u00e9rence sur route mouill\u00e9e.\",\"breadcrumb\":{\"@id\":\"https:\/\/www.promoto.fr\/pneus\/product\/pneu-route-180-55-17-michelin-pilot-road-4\/#breadcrumb\"},\"inLanguage\":\"fr-FR\",\"potentialAction\":[{\"@type\":\"ReadAction\",\"target\":[\"https:\/\/www.promoto.fr\/pneus\/product\/pneu-route-180-55-17-michelin-pilot-road-4\/\"]}]},{\"@type\":\"BreadcrumbList\",\"@id\":\"https:\/\/www.promoto.fr\/pneus\/product\/pneu-route-180-55-17-michelin-pilot-road-4\/#breadcrumb\",\"itemListElement\":[{\"@type\":\"ListItem\",\"position\":1,\"name\":\"Accueil\",\"item\":\"https:\/\/www.promoto.fr\/pneus\/\"},{\"@type\":\"ListItem\",\"position\":2,\"name\":\"Nos exclusivit\u00e9s web de pneus moto et scooter\",\"item\":\"https:\/\/www.promoto.fr\/pneus\/nos-exclusivites-web-de-pneus-moto-scooter\/\"},{\"@type\":\"ListItem\",\"position\":3,\"name\":\"PNEU ROUTE 180\/55-17 MICHELIN PILOT ROAD 4\"}]}]}<\/script>\n<!-- \/ Yoast SEO plugin. -->","yoast_head_json":{"title":"PNEU ROUTE 180\/55-17 MICHELIN PILOT ROAD 4 - Promoto pneu","description":"PROMOTO Martinique vend le pneu moto Dunlop Smart 140\/70-14 68 arri\u00e8re est un des pneus qui offre la meilleure adh\u00e9rence sur route mouill\u00e9e.","robots":{"index":"index","follow":"follow","max-snippet":"max-snippet:-1","max-image-preview":"max-image-preview:large","max-video-preview":"max-video-preview:-1"},"canonical":"https:\/\/www.promoto.fr\/pneus\/product\/pneu-route-180-55-17-michelin-pilot-road-4\/","og_locale":"fr_FR","og_type":"article","og_title":"Dunlop Smart 140\/70-14 68","og_description":"PROMOTO Martinique vend le pneu moto Dunlop Smart 140\/70-14 68 arri\u00e8re est un des pneus qui offre la meilleure adh\u00e9rence sur route mouill\u00e9e.","og_url":"https:\/\/www.promoto.fr\/pneus\/product\/pneu-route-180-55-17-michelin-pilot-road-4\/","og_site_name":"Promoto pneu","article_publisher":"https:\/\/www.facebook.com\/promoto972","article_modified_time":"2024-10-15T14:27:18+00:00","og_image":[{"width":300,"height":250,"url":"https:\/\/www.promoto.fr\/pneus\/wp-content\/uploads\/2023\/09\/1805517-ROAD-4.jpg","type":"image\/jpeg"}],"twitter_card":"summary_large_image","twitter_title":"Dunlop Smart 140\/70-14 68","twitter_description":"PROMOTO Martinique vend le pneu moto Dunlop Smart 140\/70-14 68 arri\u00e8re est un des pneus qui offre la meilleure adh\u00e9rence sur route mouill\u00e9e.","schema":{"@context":"https:\/\/schema.org","@graph":[{"@type":"Organization","@id":"https:\/\/www.promoto.fr\/pneus\/#organization","name":"Promoto pneu","url":"https:\/\/www.promoto.fr\/pneus\/","sameAs":["https:\/\/www.instagram.com\/promoto972\/","https:\/\/www.facebook.com\/promoto972"],"logo":{"@type":"ImageObject","inLanguage":"fr-FR","@id":"https:\/\/www.promoto.fr\/pneus\/#\/schema\/logo\/image\/","url":"https:\/\/www.promoto.fr\/pneus\/wp-content\/uploads\/2022\/05\/Logo-site-promoto-pneu-copie.png","contentUrl":"https:\/\/www.promoto.fr\/pneus\/wp-content\/uploads\/2022\/05\/Logo-site-promoto-pneu-copie.png","width":1588,"height":241,"caption":"Promoto pneu"},"image":{"@id":"https:\/\/www.promoto.fr\/pneus\/#\/schema\/logo\/image\/"}},{"@type":"WebSite","@id":"https:\/\/www.promoto.fr\/pneus\/#website","url":"https:\/\/www.promoto.fr\/pneus\/","name":"Promoto pneu","description":"Pneus moto pas cher en ligne","publisher":{"@id":"https:\/\/www.promoto.fr\/pneus\/#organization"},"potentialAction":[{"@type":"SearchAction","target":{"@type":"EntryPoint","urlTemplate":"https:\/\/www.promoto.fr\/pneus\/?s={search_term_string}"},"query-input":"required name=search_term_string"}],"inLanguage":"fr-FR"},{"@type":"ImageObject","inLanguage":"fr-FR","@id":"https:\/\/www.promoto.fr\/pneus\/product\/pneu-route-180-55-17-michelin-pilot-road-4\/#primaryimage","url":"https:\/\/www.promoto.fr\/pneus\/wp-content\/uploads\/2023\/09\/1805517-ROAD-4.jpg","contentUrl":"https:\/\/www.promoto.fr\/pneus\/wp-content\/uploads\/2023\/09\/1805517-ROAD-4.jpg","width":300,"height":250},{"@type":"WebPage","@id":"https:\/\/www.promoto.fr\/pneus\/product\/pneu-route-180-55-17-michelin-pilot-road-4\/#webpage","url":"https:\/\/www.promoto.fr\/pneus\/product\/pneu-route-180-55-17-michelin-pilot-road-4\/","name":"PNEU ROUTE 180\/55-17 MICHELIN PILOT ROAD 4 - Promoto pneu","isPartOf":{"@id":"https:\/\/www.promoto.fr\/pneus\/#website"},"primaryImageOfPage":{"@id":"https:\/\/www.promoto.fr\/pneus\/product\/pneu-route-180-55-17-michelin-pilot-road-4\/#primaryimage"},"datePublished":"2023-09-27T16:18:07+00:00","dateModified":"2024-10-15T14:27:18+00:00","description":"PROMOTO Martinique vend le pneu moto Dunlop Smart 140\/70-14 68 arri\u00e8re est un des pneus qui offre la meilleure adh\u00e9rence sur route mouill\u00e9e.","breadcrumb":{"@id":"https:\/\/www.promoto.fr\/pneus\/product\/pneu-route-180-55-17-michelin-pilot-road-4\/#breadcrumb"},"inLanguage":"fr-FR","potentialAction":[{"@type":"ReadAction","target":["https:\/\/www.promoto.fr\/pneus\/product\/pneu-route-180-55-17-michelin-pilot-road-4\/"]}]},{"@type":"BreadcrumbList","@id":"https:\/\/www.promoto.fr\/pneus\/product\/pneu-route-180-55-17-michelin-pilot-road-4\/#breadcrumb","itemListElement":[{"@type":"ListItem","position":1,"name":"Accueil","item":"https:\/\/www.promoto.fr\/pneus\/"},{"@type":"ListItem","position":2,"name":"Nos exclusivit\u00e9s web de pneus moto et scooter","item":"https:\/\/www.promoto.fr\/pneus\/nos-exclusivites-web-de-pneus-moto-scooter\/"},{"@type":"ListItem","position":3,"name":"PNEU ROUTE 180\/55-17 MICHELIN PILOT ROAD 4"}]}]}},"_links":{"self":[{"href":"https:\/\/www.promoto.fr\/pneus\/wp-json\/wp\/v2\/product\/997","targetHints":{"allow":["GET"]}}],"collection":[{"href":"https:\/\/www.promoto.fr\/pneus\/wp-json\/wp\/v2\/product"}],"about":[{"href":"https:\/\/www.promoto.fr\/pneus\/wp-json\/wp\/v2\/types\/product"}],"wp:featuredmedia":[{"embeddable":true,"href":"https:\/\/www.promoto.fr\/pneus\/wp-json\/wp\/v2\/media\/998"}],"wp:attachment":[{"href":"https:\/\/www.promoto.fr\/pneus\/wp-json\/wp\/v2\/media?parent=997"}],"wp:term":[{"taxonomy":"product_cat","embeddable":true,"href":"https:\/\/www.promoto.fr\/pneus\/wp-json\/wp\/v2\/product_cat?post=997"},{"taxonomy":"product_tag","embeddable":true,"href":"https:\/\/www.promoto.fr\/pneus\/wp-json\/wp\/v2\/product_tag?post=997"}],"curies":[{"name":"wp","href":"https:\/\/api.w.org\/{rel}","templated":true}]}}