{"id":941,"date":"2023-09-26T12:34:50","date_gmt":"2023-09-26T16:34:50","guid":{"rendered":"https:\/\/www.promoto.fr\/pneus\/?post_type=product&#038;p=941"},"modified":"2023-09-28T12:27:54","modified_gmt":"2023-09-28T16:27:54","slug":"pneu-moto-60x100-12-pirelli","status":"publish","type":"product","link":"https:\/\/www.promoto.fr\/pneus\/product\/pneu-moto-60x100-12-pirelli\/","title":{"rendered":"PNEU MOTO 60X100-12 PIRELLI"},"content":{"rendered":"","protected":false},"excerpt":{"rendered":"<p>Le scorpion MX Mid Soft 32 est un pneumatique motocross pour un usage en comp\u00e9tition sur terrains souples \u00e0 mixtes. Dot\u00e9 d&#8217;une excellente r\u00e9sistance \u00e0 la surchauffe, le pneu reste stable lors des freinages et poss\u00e8de une excellente adh\u00e9rence dans les virages sur les terrains souples. Il offre un niveau de performances optimal, surtout lors des comp\u00e9titions les plus difficiles.<\/p>\n","protected":false},"featured_media":943,"template":"","meta":[],"product_cat":[28],"product_tag":[],"class_list":["post-941","product","type-product","status-publish","has-post-thumbnail","hentry","product_cat-cross-et-enduro","odd"],"yoast_head":"<!-- This site is optimized with the Yoast SEO plugin v19.0 - https:\/\/yoast.com\/wordpress\/plugins\/seo\/ -->\n<title>PNEU MOTO 60X100-12 PIRELLI - Promoto pneu<\/title>\n<meta name=\"robots\" content=\"index, follow, max-snippet:-1, max-image-preview:large, max-video-preview:-1\" \/>\n<link rel=\"canonical\" href=\"https:\/\/www.promoto.fr\/pneus\/product\/pneu-moto-60x100-12-pirelli\/\" \/>\n<meta property=\"og:locale\" content=\"fr_FR\" \/>\n<meta property=\"og:type\" content=\"article\" \/>\n<meta property=\"og:title\" content=\"PNEU MOTO 60X100-12 PIRELLI - Promoto pneu\" \/>\n<meta property=\"og:description\" content=\"Le scorpion MX Mid Soft 32 est un pneumatique motocross pour un usage en comp\u00e9tition sur terrains souples \u00e0 mixtes. Dot\u00e9 d&#039;une excellente r\u00e9sistance \u00e0 la surchauffe, le pneu reste stable lors des freinages et poss\u00e8de une excellente adh\u00e9rence dans les virages sur les terrains souples. Il offre un niveau de performances optimal, surtout lors des comp\u00e9titions les plus difficiles.\" \/>\n<meta property=\"og:url\" content=\"https:\/\/www.promoto.fr\/pneus\/product\/pneu-moto-60x100-12-pirelli\/\" \/>\n<meta property=\"og:site_name\" content=\"Promoto pneu\" \/>\n<meta property=\"article:publisher\" content=\"https:\/\/www.facebook.com\/promoto972\" \/>\n<meta property=\"article:modified_time\" content=\"2023-09-28T16:27:54+00:00\" \/>\n<meta property=\"og:image\" content=\"https:\/\/www.promoto.fr\/pneus\/wp-content\/uploads\/2023\/09\/6010012-PIRELLI.jpg\" \/>\n\t<meta property=\"og:image:width\" content=\"225\" \/>\n\t<meta property=\"og:image:height\" content=\"225\" \/>\n\t<meta property=\"og:image:type\" content=\"image\/jpeg\" \/>\n<meta name=\"twitter:card\" content=\"summary_large_image\" \/>\n<script type=\"application\/ld+json\" class=\"yoast-schema-graph\">{\"@context\":\"https:\/\/schema.org\",\"@graph\":[{\"@type\":\"Organization\",\"@id\":\"https:\/\/www.promoto.fr\/pneus\/#organization\",\"name\":\"Promoto pneu\",\"url\":\"https:\/\/www.promoto.fr\/pneus\/\",\"sameAs\":[\"https:\/\/www.instagram.com\/promoto972\/\",\"https:\/\/www.facebook.com\/promoto972\"],\"logo\":{\"@type\":\"ImageObject\",\"inLanguage\":\"fr-FR\",\"@id\":\"https:\/\/www.promoto.fr\/pneus\/#\/schema\/logo\/image\/\",\"url\":\"https:\/\/www.promoto.fr\/pneus\/wp-content\/uploads\/2022\/05\/Logo-site-promoto-pneu-copie.png\",\"contentUrl\":\"https:\/\/www.promoto.fr\/pneus\/wp-content\/uploads\/2022\/05\/Logo-site-promoto-pneu-copie.png\",\"width\":1588,\"height\":241,\"caption\":\"Promoto pneu\"},\"image\":{\"@id\":\"https:\/\/www.promoto.fr\/pneus\/#\/schema\/logo\/image\/\"}},{\"@type\":\"WebSite\",\"@id\":\"https:\/\/www.promoto.fr\/pneus\/#website\",\"url\":\"https:\/\/www.promoto.fr\/pneus\/\",\"name\":\"Promoto pneu\",\"description\":\"Pneus moto pas cher en ligne\",\"publisher\":{\"@id\":\"https:\/\/www.promoto.fr\/pneus\/#organization\"},\"potentialAction\":[{\"@type\":\"SearchAction\",\"target\":{\"@type\":\"EntryPoint\",\"urlTemplate\":\"https:\/\/www.promoto.fr\/pneus\/?s={search_term_string}\"},\"query-input\":\"required name=search_term_string\"}],\"inLanguage\":\"fr-FR\"},{\"@type\":\"ImageObject\",\"inLanguage\":\"fr-FR\",\"@id\":\"https:\/\/www.promoto.fr\/pneus\/product\/pneu-moto-60x100-12-pirelli\/#primaryimage\",\"url\":\"https:\/\/www.promoto.fr\/pneus\/wp-content\/uploads\/2023\/09\/6010012-PIRELLI.jpg\",\"contentUrl\":\"https:\/\/www.promoto.fr\/pneus\/wp-content\/uploads\/2023\/09\/6010012-PIRELLI.jpg\",\"width\":225,\"height\":225},{\"@type\":\"WebPage\",\"@id\":\"https:\/\/www.promoto.fr\/pneus\/product\/pneu-moto-60x100-12-pirelli\/#webpage\",\"url\":\"https:\/\/www.promoto.fr\/pneus\/product\/pneu-moto-60x100-12-pirelli\/\",\"name\":\"PNEU MOTO 60X100-12 PIRELLI - Promoto pneu\",\"isPartOf\":{\"@id\":\"https:\/\/www.promoto.fr\/pneus\/#website\"},\"primaryImageOfPage\":{\"@id\":\"https:\/\/www.promoto.fr\/pneus\/product\/pneu-moto-60x100-12-pirelli\/#primaryimage\"},\"datePublished\":\"2023-09-26T16:34:50+00:00\",\"dateModified\":\"2023-09-28T16:27:54+00:00\",\"breadcrumb\":{\"@id\":\"https:\/\/www.promoto.fr\/pneus\/product\/pneu-moto-60x100-12-pirelli\/#breadcrumb\"},\"inLanguage\":\"fr-FR\",\"potentialAction\":[{\"@type\":\"ReadAction\",\"target\":[\"https:\/\/www.promoto.fr\/pneus\/product\/pneu-moto-60x100-12-pirelli\/\"]}]},{\"@type\":\"BreadcrumbList\",\"@id\":\"https:\/\/www.promoto.fr\/pneus\/product\/pneu-moto-60x100-12-pirelli\/#breadcrumb\",\"itemListElement\":[{\"@type\":\"ListItem\",\"position\":1,\"name\":\"Accueil\",\"item\":\"https:\/\/www.promoto.fr\/pneus\/\"},{\"@type\":\"ListItem\",\"position\":2,\"name\":\"Nos exclusivit\u00e9s web de pneus moto et scooter\",\"item\":\"https:\/\/www.promoto.fr\/pneus\/nos-exclusivites-web-de-pneus-moto-scooter\/\"},{\"@type\":\"ListItem\",\"position\":3,\"name\":\"PNEU MOTO 60X100-12 PIRELLI\"}]}]}<\/script>\n<!-- \/ Yoast SEO plugin. -->","yoast_head_json":{"title":"PNEU MOTO 60X100-12 PIRELLI - Promoto pneu","robots":{"index":"index","follow":"follow","max-snippet":"max-snippet:-1","max-image-preview":"max-image-preview:large","max-video-preview":"max-video-preview:-1"},"canonical":"https:\/\/www.promoto.fr\/pneus\/product\/pneu-moto-60x100-12-pirelli\/","og_locale":"fr_FR","og_type":"article","og_title":"PNEU MOTO 60X100-12 PIRELLI - Promoto pneu","og_description":"Le scorpion MX Mid Soft 32 est un pneumatique motocross pour un usage en comp\u00e9tition sur terrains souples \u00e0 mixtes. Dot\u00e9 d'une excellente r\u00e9sistance \u00e0 la surchauffe, le pneu reste stable lors des freinages et poss\u00e8de une excellente adh\u00e9rence dans les virages sur les terrains souples. Il offre un niveau de performances optimal, surtout lors des comp\u00e9titions les plus difficiles.","og_url":"https:\/\/www.promoto.fr\/pneus\/product\/pneu-moto-60x100-12-pirelli\/","og_site_name":"Promoto pneu","article_publisher":"https:\/\/www.facebook.com\/promoto972","article_modified_time":"2023-09-28T16:27:54+00:00","og_image":[{"width":225,"height":225,"url":"https:\/\/www.promoto.fr\/pneus\/wp-content\/uploads\/2023\/09\/6010012-PIRELLI.jpg","type":"image\/jpeg"}],"twitter_card":"summary_large_image","schema":{"@context":"https:\/\/schema.org","@graph":[{"@type":"Organization","@id":"https:\/\/www.promoto.fr\/pneus\/#organization","name":"Promoto pneu","url":"https:\/\/www.promoto.fr\/pneus\/","sameAs":["https:\/\/www.instagram.com\/promoto972\/","https:\/\/www.facebook.com\/promoto972"],"logo":{"@type":"ImageObject","inLanguage":"fr-FR","@id":"https:\/\/www.promoto.fr\/pneus\/#\/schema\/logo\/image\/","url":"https:\/\/www.promoto.fr\/pneus\/wp-content\/uploads\/2022\/05\/Logo-site-promoto-pneu-copie.png","contentUrl":"https:\/\/www.promoto.fr\/pneus\/wp-content\/uploads\/2022\/05\/Logo-site-promoto-pneu-copie.png","width":1588,"height":241,"caption":"Promoto pneu"},"image":{"@id":"https:\/\/www.promoto.fr\/pneus\/#\/schema\/logo\/image\/"}},{"@type":"WebSite","@id":"https:\/\/www.promoto.fr\/pneus\/#website","url":"https:\/\/www.promoto.fr\/pneus\/","name":"Promoto pneu","description":"Pneus moto pas cher en ligne","publisher":{"@id":"https:\/\/www.promoto.fr\/pneus\/#organization"},"potentialAction":[{"@type":"SearchAction","target":{"@type":"EntryPoint","urlTemplate":"https:\/\/www.promoto.fr\/pneus\/?s={search_term_string}"},"query-input":"required name=search_term_string"}],"inLanguage":"fr-FR"},{"@type":"ImageObject","inLanguage":"fr-FR","@id":"https:\/\/www.promoto.fr\/pneus\/product\/pneu-moto-60x100-12-pirelli\/#primaryimage","url":"https:\/\/www.promoto.fr\/pneus\/wp-content\/uploads\/2023\/09\/6010012-PIRELLI.jpg","contentUrl":"https:\/\/www.promoto.fr\/pneus\/wp-content\/uploads\/2023\/09\/6010012-PIRELLI.jpg","width":225,"height":225},{"@type":"WebPage","@id":"https:\/\/www.promoto.fr\/pneus\/product\/pneu-moto-60x100-12-pirelli\/#webpage","url":"https:\/\/www.promoto.fr\/pneus\/product\/pneu-moto-60x100-12-pirelli\/","name":"PNEU MOTO 60X100-12 PIRELLI - Promoto pneu","isPartOf":{"@id":"https:\/\/www.promoto.fr\/pneus\/#website"},"primaryImageOfPage":{"@id":"https:\/\/www.promoto.fr\/pneus\/product\/pneu-moto-60x100-12-pirelli\/#primaryimage"},"datePublished":"2023-09-26T16:34:50+00:00","dateModified":"2023-09-28T16:27:54+00:00","breadcrumb":{"@id":"https:\/\/www.promoto.fr\/pneus\/product\/pneu-moto-60x100-12-pirelli\/#breadcrumb"},"inLanguage":"fr-FR","potentialAction":[{"@type":"ReadAction","target":["https:\/\/www.promoto.fr\/pneus\/product\/pneu-moto-60x100-12-pirelli\/"]}]},{"@type":"BreadcrumbList","@id":"https:\/\/www.promoto.fr\/pneus\/product\/pneu-moto-60x100-12-pirelli\/#breadcrumb","itemListElement":[{"@type":"ListItem","position":1,"name":"Accueil","item":"https:\/\/www.promoto.fr\/pneus\/"},{"@type":"ListItem","position":2,"name":"Nos exclusivit\u00e9s web de pneus moto et scooter","item":"https:\/\/www.promoto.fr\/pneus\/nos-exclusivites-web-de-pneus-moto-scooter\/"},{"@type":"ListItem","position":3,"name":"PNEU MOTO 60X100-12 PIRELLI"}]}]}},"_links":{"self":[{"href":"https:\/\/www.promoto.fr\/pneus\/wp-json\/wp\/v2\/product\/941","targetHints":{"allow":["GET"]}}],"collection":[{"href":"https:\/\/www.promoto.fr\/pneus\/wp-json\/wp\/v2\/product"}],"about":[{"href":"https:\/\/www.promoto.fr\/pneus\/wp-json\/wp\/v2\/types\/product"}],"wp:featuredmedia":[{"embeddable":true,"href":"https:\/\/www.promoto.fr\/pneus\/wp-json\/wp\/v2\/media\/943"}],"wp:attachment":[{"href":"https:\/\/www.promoto.fr\/pneus\/wp-json\/wp\/v2\/media?parent=941"}],"wp:term":[{"taxonomy":"product_cat","embeddable":true,"href":"https:\/\/www.promoto.fr\/pneus\/wp-json\/wp\/v2\/product_cat?post=941"},{"taxonomy":"product_tag","embeddable":true,"href":"https:\/\/www.promoto.fr\/pneus\/wp-json\/wp\/v2\/product_tag?post=941"}],"curies":[{"name":"wp","href":"https:\/\/api.w.org\/{rel}","templated":true}]}}