{"id":912,"date":"2023-09-26T10:52:31","date_gmt":"2023-09-26T14:52:31","guid":{"rendered":"https:\/\/www.promoto.fr\/pneus\/?post_type=product&#038;p=912"},"modified":"2023-09-28T11:26:56","modified_gmt":"2023-09-28T15:26:56","slug":"pneu-quad-18-x-9-5-8","status":"publish","type":"product","link":"https:\/\/www.promoto.fr\/pneus\/product\/pneu-quad-18-x-9-5-8\/","title":{"rendered":"PNEU QUAD  18 X 9.5 &#8211; 8"},"content":{"rendered":"","protected":false},"excerpt":{"rendered":"<p>Pneus tubeless (montage sans chambre) tr\u00e8s r\u00e9sistants et durables \u00e9galement pour le terrain<\/p>\n<p>De larges crampons et une carcasse renforc\u00e9e pour une utilisation sur tous types de terrains mais un roulage en douceur avec un profil \u00e9tudi\u00e9<\/p>\n","protected":false},"featured_media":915,"template":"","meta":[],"product_cat":[28],"product_tag":[],"class_list":["post-912","product","type-product","status-publish","has-post-thumbnail","hentry","product_cat-cross-et-enduro","odd"],"yoast_head":"<!-- This site is optimized with the Yoast SEO plugin v19.0 - https:\/\/yoast.com\/wordpress\/plugins\/seo\/ -->\n<title>PNEU QUAD 18 X 9.5 - 8 - Promoto pneu<\/title>\n<meta name=\"robots\" content=\"index, follow, max-snippet:-1, max-image-preview:large, max-video-preview:-1\" \/>\n<link rel=\"canonical\" href=\"https:\/\/www.promoto.fr\/pneus\/product\/pneu-quad-18-x-9-5-8\/\" \/>\n<meta property=\"og:locale\" content=\"fr_FR\" \/>\n<meta property=\"og:type\" content=\"article\" \/>\n<meta property=\"og:title\" content=\"PNEU QUAD 18 X 9.5 - 8 - Promoto pneu\" \/>\n<meta property=\"og:description\" content=\"Pneus tubeless (montage sans chambre) tr\u00e8s r\u00e9sistants et durables \u00e9galement pour le terrain  De larges crampons et une carcasse renforc\u00e9e pour une utilisation sur tous types de terrains mais un roulage en douceur avec un profil \u00e9tudi\u00e9\" \/>\n<meta property=\"og:url\" content=\"https:\/\/www.promoto.fr\/pneus\/product\/pneu-quad-18-x-9-5-8\/\" \/>\n<meta property=\"og:site_name\" content=\"Promoto pneu\" \/>\n<meta property=\"article:publisher\" content=\"https:\/\/www.facebook.com\/promoto972\" \/>\n<meta property=\"article:modified_time\" content=\"2023-09-28T15:26:56+00:00\" \/>\n<meta property=\"og:image\" content=\"https:\/\/www.promoto.fr\/pneus\/wp-content\/uploads\/2023\/09\/18X9.5X8.jpg\" \/>\n\t<meta property=\"og:image:width\" content=\"800\" \/>\n\t<meta property=\"og:image:height\" content=\"800\" \/>\n\t<meta property=\"og:image:type\" content=\"image\/jpeg\" \/>\n<meta name=\"twitter:card\" content=\"summary_large_image\" \/>\n<script type=\"application\/ld+json\" class=\"yoast-schema-graph\">{\"@context\":\"https:\/\/schema.org\",\"@graph\":[{\"@type\":\"Organization\",\"@id\":\"https:\/\/www.promoto.fr\/pneus\/#organization\",\"name\":\"Promoto pneu\",\"url\":\"https:\/\/www.promoto.fr\/pneus\/\",\"sameAs\":[\"https:\/\/www.instagram.com\/promoto972\/\",\"https:\/\/www.facebook.com\/promoto972\"],\"logo\":{\"@type\":\"ImageObject\",\"inLanguage\":\"fr-FR\",\"@id\":\"https:\/\/www.promoto.fr\/pneus\/#\/schema\/logo\/image\/\",\"url\":\"https:\/\/www.promoto.fr\/pneus\/wp-content\/uploads\/2022\/05\/Logo-site-promoto-pneu-copie.png\",\"contentUrl\":\"https:\/\/www.promoto.fr\/pneus\/wp-content\/uploads\/2022\/05\/Logo-site-promoto-pneu-copie.png\",\"width\":1588,\"height\":241,\"caption\":\"Promoto pneu\"},\"image\":{\"@id\":\"https:\/\/www.promoto.fr\/pneus\/#\/schema\/logo\/image\/\"}},{\"@type\":\"WebSite\",\"@id\":\"https:\/\/www.promoto.fr\/pneus\/#website\",\"url\":\"https:\/\/www.promoto.fr\/pneus\/\",\"name\":\"Promoto pneu\",\"description\":\"Pneus moto pas cher en ligne\",\"publisher\":{\"@id\":\"https:\/\/www.promoto.fr\/pneus\/#organization\"},\"potentialAction\":[{\"@type\":\"SearchAction\",\"target\":{\"@type\":\"EntryPoint\",\"urlTemplate\":\"https:\/\/www.promoto.fr\/pneus\/?s={search_term_string}\"},\"query-input\":\"required name=search_term_string\"}],\"inLanguage\":\"fr-FR\"},{\"@type\":\"ImageObject\",\"inLanguage\":\"fr-FR\",\"@id\":\"https:\/\/www.promoto.fr\/pneus\/product\/pneu-quad-18-x-9-5-8\/#primaryimage\",\"url\":\"https:\/\/www.promoto.fr\/pneus\/wp-content\/uploads\/2023\/09\/18X9.5X8.jpg\",\"contentUrl\":\"https:\/\/www.promoto.fr\/pneus\/wp-content\/uploads\/2023\/09\/18X9.5X8.jpg\",\"width\":800,\"height\":800},{\"@type\":\"WebPage\",\"@id\":\"https:\/\/www.promoto.fr\/pneus\/product\/pneu-quad-18-x-9-5-8\/#webpage\",\"url\":\"https:\/\/www.promoto.fr\/pneus\/product\/pneu-quad-18-x-9-5-8\/\",\"name\":\"PNEU QUAD 18 X 9.5 - 8 - Promoto pneu\",\"isPartOf\":{\"@id\":\"https:\/\/www.promoto.fr\/pneus\/#website\"},\"primaryImageOfPage\":{\"@id\":\"https:\/\/www.promoto.fr\/pneus\/product\/pneu-quad-18-x-9-5-8\/#primaryimage\"},\"datePublished\":\"2023-09-26T14:52:31+00:00\",\"dateModified\":\"2023-09-28T15:26:56+00:00\",\"breadcrumb\":{\"@id\":\"https:\/\/www.promoto.fr\/pneus\/product\/pneu-quad-18-x-9-5-8\/#breadcrumb\"},\"inLanguage\":\"fr-FR\",\"potentialAction\":[{\"@type\":\"ReadAction\",\"target\":[\"https:\/\/www.promoto.fr\/pneus\/product\/pneu-quad-18-x-9-5-8\/\"]}]},{\"@type\":\"BreadcrumbList\",\"@id\":\"https:\/\/www.promoto.fr\/pneus\/product\/pneu-quad-18-x-9-5-8\/#breadcrumb\",\"itemListElement\":[{\"@type\":\"ListItem\",\"position\":1,\"name\":\"Accueil\",\"item\":\"https:\/\/www.promoto.fr\/pneus\/\"},{\"@type\":\"ListItem\",\"position\":2,\"name\":\"Nos exclusivit\u00e9s web de pneus moto et scooter\",\"item\":\"https:\/\/www.promoto.fr\/pneus\/nos-exclusivites-web-de-pneus-moto-scooter\/\"},{\"@type\":\"ListItem\",\"position\":3,\"name\":\"PNEU QUAD 18 X 9.5 &#8211; 8\"}]}]}<\/script>\n<!-- \/ Yoast SEO plugin. -->","yoast_head_json":{"title":"PNEU QUAD 18 X 9.5 - 8 - Promoto pneu","robots":{"index":"index","follow":"follow","max-snippet":"max-snippet:-1","max-image-preview":"max-image-preview:large","max-video-preview":"max-video-preview:-1"},"canonical":"https:\/\/www.promoto.fr\/pneus\/product\/pneu-quad-18-x-9-5-8\/","og_locale":"fr_FR","og_type":"article","og_title":"PNEU QUAD 18 X 9.5 - 8 - Promoto pneu","og_description":"Pneus tubeless (montage sans chambre) tr\u00e8s r\u00e9sistants et durables \u00e9galement pour le terrain  De larges crampons et une carcasse renforc\u00e9e pour une utilisation sur tous types de terrains mais un roulage en douceur avec un profil \u00e9tudi\u00e9","og_url":"https:\/\/www.promoto.fr\/pneus\/product\/pneu-quad-18-x-9-5-8\/","og_site_name":"Promoto pneu","article_publisher":"https:\/\/www.facebook.com\/promoto972","article_modified_time":"2023-09-28T15:26:56+00:00","og_image":[{"width":800,"height":800,"url":"https:\/\/www.promoto.fr\/pneus\/wp-content\/uploads\/2023\/09\/18X9.5X8.jpg","type":"image\/jpeg"}],"twitter_card":"summary_large_image","schema":{"@context":"https:\/\/schema.org","@graph":[{"@type":"Organization","@id":"https:\/\/www.promoto.fr\/pneus\/#organization","name":"Promoto pneu","url":"https:\/\/www.promoto.fr\/pneus\/","sameAs":["https:\/\/www.instagram.com\/promoto972\/","https:\/\/www.facebook.com\/promoto972"],"logo":{"@type":"ImageObject","inLanguage":"fr-FR","@id":"https:\/\/www.promoto.fr\/pneus\/#\/schema\/logo\/image\/","url":"https:\/\/www.promoto.fr\/pneus\/wp-content\/uploads\/2022\/05\/Logo-site-promoto-pneu-copie.png","contentUrl":"https:\/\/www.promoto.fr\/pneus\/wp-content\/uploads\/2022\/05\/Logo-site-promoto-pneu-copie.png","width":1588,"height":241,"caption":"Promoto pneu"},"image":{"@id":"https:\/\/www.promoto.fr\/pneus\/#\/schema\/logo\/image\/"}},{"@type":"WebSite","@id":"https:\/\/www.promoto.fr\/pneus\/#website","url":"https:\/\/www.promoto.fr\/pneus\/","name":"Promoto pneu","description":"Pneus moto pas cher en ligne","publisher":{"@id":"https:\/\/www.promoto.fr\/pneus\/#organization"},"potentialAction":[{"@type":"SearchAction","target":{"@type":"EntryPoint","urlTemplate":"https:\/\/www.promoto.fr\/pneus\/?s={search_term_string}"},"query-input":"required name=search_term_string"}],"inLanguage":"fr-FR"},{"@type":"ImageObject","inLanguage":"fr-FR","@id":"https:\/\/www.promoto.fr\/pneus\/product\/pneu-quad-18-x-9-5-8\/#primaryimage","url":"https:\/\/www.promoto.fr\/pneus\/wp-content\/uploads\/2023\/09\/18X9.5X8.jpg","contentUrl":"https:\/\/www.promoto.fr\/pneus\/wp-content\/uploads\/2023\/09\/18X9.5X8.jpg","width":800,"height":800},{"@type":"WebPage","@id":"https:\/\/www.promoto.fr\/pneus\/product\/pneu-quad-18-x-9-5-8\/#webpage","url":"https:\/\/www.promoto.fr\/pneus\/product\/pneu-quad-18-x-9-5-8\/","name":"PNEU QUAD 18 X 9.5 - 8 - Promoto pneu","isPartOf":{"@id":"https:\/\/www.promoto.fr\/pneus\/#website"},"primaryImageOfPage":{"@id":"https:\/\/www.promoto.fr\/pneus\/product\/pneu-quad-18-x-9-5-8\/#primaryimage"},"datePublished":"2023-09-26T14:52:31+00:00","dateModified":"2023-09-28T15:26:56+00:00","breadcrumb":{"@id":"https:\/\/www.promoto.fr\/pneus\/product\/pneu-quad-18-x-9-5-8\/#breadcrumb"},"inLanguage":"fr-FR","potentialAction":[{"@type":"ReadAction","target":["https:\/\/www.promoto.fr\/pneus\/product\/pneu-quad-18-x-9-5-8\/"]}]},{"@type":"BreadcrumbList","@id":"https:\/\/www.promoto.fr\/pneus\/product\/pneu-quad-18-x-9-5-8\/#breadcrumb","itemListElement":[{"@type":"ListItem","position":1,"name":"Accueil","item":"https:\/\/www.promoto.fr\/pneus\/"},{"@type":"ListItem","position":2,"name":"Nos exclusivit\u00e9s web de pneus moto et scooter","item":"https:\/\/www.promoto.fr\/pneus\/nos-exclusivites-web-de-pneus-moto-scooter\/"},{"@type":"ListItem","position":3,"name":"PNEU QUAD 18 X 9.5 &#8211; 8"}]}]}},"_links":{"self":[{"href":"https:\/\/www.promoto.fr\/pneus\/wp-json\/wp\/v2\/product\/912","targetHints":{"allow":["GET"]}}],"collection":[{"href":"https:\/\/www.promoto.fr\/pneus\/wp-json\/wp\/v2\/product"}],"about":[{"href":"https:\/\/www.promoto.fr\/pneus\/wp-json\/wp\/v2\/types\/product"}],"wp:featuredmedia":[{"embeddable":true,"href":"https:\/\/www.promoto.fr\/pneus\/wp-json\/wp\/v2\/media\/915"}],"wp:attachment":[{"href":"https:\/\/www.promoto.fr\/pneus\/wp-json\/wp\/v2\/media?parent=912"}],"wp:term":[{"taxonomy":"product_cat","embeddable":true,"href":"https:\/\/www.promoto.fr\/pneus\/wp-json\/wp\/v2\/product_cat?post=912"},{"taxonomy":"product_tag","embeddable":true,"href":"https:\/\/www.promoto.fr\/pneus\/wp-json\/wp\/v2\/product_tag?post=912"}],"curies":[{"name":"wp","href":"https:\/\/api.w.org\/{rel}","templated":true}]}}