{"id":404,"date":"2022-05-10T12:57:50","date_gmt":"2022-05-10T16:57:50","guid":{"rendered":"https:\/\/www.promoto.fr\/pneus\/?post_type=product&#038;p=404"},"modified":"2023-01-25T13:45:05","modified_gmt":"2023-01-25T17:45:05","slug":"michelin-city-grip-120-70-10","status":"publish","type":"product","link":"https:\/\/www.promoto.fr\/pneus\/product\/michelin-city-grip-120-70-10\/","title":{"rendered":"Michelin City Grip 120\/70-10"},"content":{"rendered":"","protected":false},"excerpt":{"rendered":"<p>Le pneu <strong>Michelin City Grip 54L avant arri\u00e8re<\/strong> est un des pneus qui offre une s\u00e9curit\u00e9 maximale au guidon de votre scooter.<\/p>\n<p>Le pneu <strong>Michelin City Grip 54L avant arri\u00e8re<\/strong> \u00e9quipe le scooter Piaggio, c&#8217;est une r\u00e9f\u00e9rence.<\/p>\n","protected":false},"featured_media":369,"template":"","meta":[],"product_cat":[27,23],"product_tag":[],"class_list":["post-404","product","type-product","status-publish","has-post-thumbnail","hentry","product_cat-routiere-et-sportive","product_cat-scooter","tyre_brand-michelin","tyre_type-arriere","tyre_type-avant","odd"],"yoast_head":"<!-- This site is optimized with the Yoast SEO plugin v19.0 - https:\/\/yoast.com\/wordpress\/plugins\/seo\/ -->\n<title>Michelin City Grip 120\/70-10 - Promoto pneu<\/title>\n<meta name=\"robots\" content=\"index, follow, max-snippet:-1, max-image-preview:large, max-video-preview:-1\" \/>\n<link rel=\"canonical\" href=\"https:\/\/www.promoto.fr\/pneus\/product\/michelin-city-grip-120-70-10\/\" \/>\n<meta property=\"og:locale\" content=\"fr_FR\" \/>\n<meta property=\"og:type\" content=\"article\" \/>\n<meta property=\"og:title\" content=\"Michelin City Grip 120\/70-10 - Promoto pneu\" \/>\n<meta property=\"og:description\" content=\"Le pneu Michelin City Grip 54L avant arri\u00e8re est un des pneus qui offre une s\u00e9curit\u00e9 maximale au guidon de votre scooter.  Le pneu Michelin City Grip 54L avant arri\u00e8re \u00e9quipe le scooter Piaggio, c&#039;est une r\u00e9f\u00e9rence.\" \/>\n<meta property=\"og:url\" content=\"https:\/\/www.promoto.fr\/pneus\/product\/michelin-city-grip-120-70-10\/\" \/>\n<meta property=\"og:site_name\" content=\"Promoto pneu\" \/>\n<meta property=\"article:publisher\" content=\"https:\/\/www.facebook.com\/promoto972\" \/>\n<meta property=\"article:modified_time\" content=\"2023-01-25T17:45:05+00:00\" \/>\n<meta property=\"og:image\" content=\"https:\/\/www.promoto.fr\/pneus\/wp-content\/uploads\/2022\/05\/Michelin-City-Grip.jpg\" \/>\n\t<meta property=\"og:image:width\" content=\"1200\" \/>\n\t<meta property=\"og:image:height\" content=\"1200\" \/>\n\t<meta property=\"og:image:type\" content=\"image\/jpeg\" \/>\n<meta name=\"twitter:card\" content=\"summary_large_image\" \/>\n<script type=\"application\/ld+json\" class=\"yoast-schema-graph\">{\"@context\":\"https:\/\/schema.org\",\"@graph\":[{\"@type\":\"Organization\",\"@id\":\"https:\/\/www.promoto.fr\/pneus\/#organization\",\"name\":\"Promoto pneu\",\"url\":\"https:\/\/www.promoto.fr\/pneus\/\",\"sameAs\":[\"https:\/\/www.instagram.com\/promoto972\/\",\"https:\/\/www.facebook.com\/promoto972\"],\"logo\":{\"@type\":\"ImageObject\",\"inLanguage\":\"fr-FR\",\"@id\":\"https:\/\/www.promoto.fr\/pneus\/#\/schema\/logo\/image\/\",\"url\":\"https:\/\/www.promoto.fr\/pneus\/wp-content\/uploads\/2022\/05\/Logo-site-promoto-pneu-copie.png\",\"contentUrl\":\"https:\/\/www.promoto.fr\/pneus\/wp-content\/uploads\/2022\/05\/Logo-site-promoto-pneu-copie.png\",\"width\":1588,\"height\":241,\"caption\":\"Promoto pneu\"},\"image\":{\"@id\":\"https:\/\/www.promoto.fr\/pneus\/#\/schema\/logo\/image\/\"}},{\"@type\":\"WebSite\",\"@id\":\"https:\/\/www.promoto.fr\/pneus\/#website\",\"url\":\"https:\/\/www.promoto.fr\/pneus\/\",\"name\":\"Promoto pneu\",\"description\":\"Pneus moto pas cher en ligne\",\"publisher\":{\"@id\":\"https:\/\/www.promoto.fr\/pneus\/#organization\"},\"potentialAction\":[{\"@type\":\"SearchAction\",\"target\":{\"@type\":\"EntryPoint\",\"urlTemplate\":\"https:\/\/www.promoto.fr\/pneus\/?s={search_term_string}\"},\"query-input\":\"required name=search_term_string\"}],\"inLanguage\":\"fr-FR\"},{\"@type\":\"ImageObject\",\"inLanguage\":\"fr-FR\",\"@id\":\"https:\/\/www.promoto.fr\/pneus\/product\/michelin-city-grip-120-70-10\/#primaryimage\",\"url\":\"https:\/\/www.promoto.fr\/pneus\/wp-content\/uploads\/2022\/05\/Michelin-City-Grip.jpg\",\"contentUrl\":\"https:\/\/www.promoto.fr\/pneus\/wp-content\/uploads\/2022\/05\/Michelin-City-Grip.jpg\",\"width\":1200,\"height\":1200},{\"@type\":\"WebPage\",\"@id\":\"https:\/\/www.promoto.fr\/pneus\/product\/michelin-city-grip-120-70-10\/#webpage\",\"url\":\"https:\/\/www.promoto.fr\/pneus\/product\/michelin-city-grip-120-70-10\/\",\"name\":\"Michelin City Grip 120\/70-10 - Promoto pneu\",\"isPartOf\":{\"@id\":\"https:\/\/www.promoto.fr\/pneus\/#website\"},\"primaryImageOfPage\":{\"@id\":\"https:\/\/www.promoto.fr\/pneus\/product\/michelin-city-grip-120-70-10\/#primaryimage\"},\"datePublished\":\"2022-05-10T16:57:50+00:00\",\"dateModified\":\"2023-01-25T17:45:05+00:00\",\"breadcrumb\":{\"@id\":\"https:\/\/www.promoto.fr\/pneus\/product\/michelin-city-grip-120-70-10\/#breadcrumb\"},\"inLanguage\":\"fr-FR\",\"potentialAction\":[{\"@type\":\"ReadAction\",\"target\":[\"https:\/\/www.promoto.fr\/pneus\/product\/michelin-city-grip-120-70-10\/\"]}]},{\"@type\":\"BreadcrumbList\",\"@id\":\"https:\/\/www.promoto.fr\/pneus\/product\/michelin-city-grip-120-70-10\/#breadcrumb\",\"itemListElement\":[{\"@type\":\"ListItem\",\"position\":1,\"name\":\"Accueil\",\"item\":\"https:\/\/www.promoto.fr\/pneus\/\"},{\"@type\":\"ListItem\",\"position\":2,\"name\":\"Nos exclusivit\u00e9s web de pneus moto et scooter\",\"item\":\"https:\/\/www.promoto.fr\/pneus\/nos-exclusivites-web-de-pneus-moto-scooter\/\"},{\"@type\":\"ListItem\",\"position\":3,\"name\":\"Michelin City Grip 120\/70-10\"}]}]}<\/script>\n<!-- \/ Yoast SEO plugin. -->","yoast_head_json":{"title":"Michelin City Grip 120\/70-10 - Promoto pneu","robots":{"index":"index","follow":"follow","max-snippet":"max-snippet:-1","max-image-preview":"max-image-preview:large","max-video-preview":"max-video-preview:-1"},"canonical":"https:\/\/www.promoto.fr\/pneus\/product\/michelin-city-grip-120-70-10\/","og_locale":"fr_FR","og_type":"article","og_title":"Michelin City Grip 120\/70-10 - Promoto pneu","og_description":"Le pneu Michelin City Grip 54L avant arri\u00e8re est un des pneus qui offre une s\u00e9curit\u00e9 maximale au guidon de votre scooter.  Le pneu Michelin City Grip 54L avant arri\u00e8re \u00e9quipe le scooter Piaggio, c'est une r\u00e9f\u00e9rence.","og_url":"https:\/\/www.promoto.fr\/pneus\/product\/michelin-city-grip-120-70-10\/","og_site_name":"Promoto pneu","article_publisher":"https:\/\/www.facebook.com\/promoto972","article_modified_time":"2023-01-25T17:45:05+00:00","og_image":[{"width":1200,"height":1200,"url":"https:\/\/www.promoto.fr\/pneus\/wp-content\/uploads\/2022\/05\/Michelin-City-Grip.jpg","type":"image\/jpeg"}],"twitter_card":"summary_large_image","schema":{"@context":"https:\/\/schema.org","@graph":[{"@type":"Organization","@id":"https:\/\/www.promoto.fr\/pneus\/#organization","name":"Promoto pneu","url":"https:\/\/www.promoto.fr\/pneus\/","sameAs":["https:\/\/www.instagram.com\/promoto972\/","https:\/\/www.facebook.com\/promoto972"],"logo":{"@type":"ImageObject","inLanguage":"fr-FR","@id":"https:\/\/www.promoto.fr\/pneus\/#\/schema\/logo\/image\/","url":"https:\/\/www.promoto.fr\/pneus\/wp-content\/uploads\/2022\/05\/Logo-site-promoto-pneu-copie.png","contentUrl":"https:\/\/www.promoto.fr\/pneus\/wp-content\/uploads\/2022\/05\/Logo-site-promoto-pneu-copie.png","width":1588,"height":241,"caption":"Promoto pneu"},"image":{"@id":"https:\/\/www.promoto.fr\/pneus\/#\/schema\/logo\/image\/"}},{"@type":"WebSite","@id":"https:\/\/www.promoto.fr\/pneus\/#website","url":"https:\/\/www.promoto.fr\/pneus\/","name":"Promoto pneu","description":"Pneus moto pas cher en ligne","publisher":{"@id":"https:\/\/www.promoto.fr\/pneus\/#organization"},"potentialAction":[{"@type":"SearchAction","target":{"@type":"EntryPoint","urlTemplate":"https:\/\/www.promoto.fr\/pneus\/?s={search_term_string}"},"query-input":"required name=search_term_string"}],"inLanguage":"fr-FR"},{"@type":"ImageObject","inLanguage":"fr-FR","@id":"https:\/\/www.promoto.fr\/pneus\/product\/michelin-city-grip-120-70-10\/#primaryimage","url":"https:\/\/www.promoto.fr\/pneus\/wp-content\/uploads\/2022\/05\/Michelin-City-Grip.jpg","contentUrl":"https:\/\/www.promoto.fr\/pneus\/wp-content\/uploads\/2022\/05\/Michelin-City-Grip.jpg","width":1200,"height":1200},{"@type":"WebPage","@id":"https:\/\/www.promoto.fr\/pneus\/product\/michelin-city-grip-120-70-10\/#webpage","url":"https:\/\/www.promoto.fr\/pneus\/product\/michelin-city-grip-120-70-10\/","name":"Michelin City Grip 120\/70-10 - Promoto pneu","isPartOf":{"@id":"https:\/\/www.promoto.fr\/pneus\/#website"},"primaryImageOfPage":{"@id":"https:\/\/www.promoto.fr\/pneus\/product\/michelin-city-grip-120-70-10\/#primaryimage"},"datePublished":"2022-05-10T16:57:50+00:00","dateModified":"2023-01-25T17:45:05+00:00","breadcrumb":{"@id":"https:\/\/www.promoto.fr\/pneus\/product\/michelin-city-grip-120-70-10\/#breadcrumb"},"inLanguage":"fr-FR","potentialAction":[{"@type":"ReadAction","target":["https:\/\/www.promoto.fr\/pneus\/product\/michelin-city-grip-120-70-10\/"]}]},{"@type":"BreadcrumbList","@id":"https:\/\/www.promoto.fr\/pneus\/product\/michelin-city-grip-120-70-10\/#breadcrumb","itemListElement":[{"@type":"ListItem","position":1,"name":"Accueil","item":"https:\/\/www.promoto.fr\/pneus\/"},{"@type":"ListItem","position":2,"name":"Nos exclusivit\u00e9s web de pneus moto et scooter","item":"https:\/\/www.promoto.fr\/pneus\/nos-exclusivites-web-de-pneus-moto-scooter\/"},{"@type":"ListItem","position":3,"name":"Michelin City Grip 120\/70-10"}]}]}},"_links":{"self":[{"href":"https:\/\/www.promoto.fr\/pneus\/wp-json\/wp\/v2\/product\/404","targetHints":{"allow":["GET"]}}],"collection":[{"href":"https:\/\/www.promoto.fr\/pneus\/wp-json\/wp\/v2\/product"}],"about":[{"href":"https:\/\/www.promoto.fr\/pneus\/wp-json\/wp\/v2\/types\/product"}],"wp:featuredmedia":[{"embeddable":true,"href":"https:\/\/www.promoto.fr\/pneus\/wp-json\/wp\/v2\/media\/369"}],"wp:attachment":[{"href":"https:\/\/www.promoto.fr\/pneus\/wp-json\/wp\/v2\/media?parent=404"}],"wp:term":[{"taxonomy":"product_cat","embeddable":true,"href":"https:\/\/www.promoto.fr\/pneus\/wp-json\/wp\/v2\/product_cat?post=404"},{"taxonomy":"product_tag","embeddable":true,"href":"https:\/\/www.promoto.fr\/pneus\/wp-json\/wp\/v2\/product_tag?post=404"}],"curies":[{"name":"wp","href":"https:\/\/api.w.org\/{rel}","templated":true}]}}