{"id":1005,"date":"2023-09-27T15:45:20","date_gmt":"2023-09-27T19:45:20","guid":{"rendered":"https:\/\/www.promoto.fr\/pneus\/?post_type=product&#038;p=1005"},"modified":"2023-09-27T15:48:58","modified_gmt":"2023-09-27T19:48:58","slug":"dunlop-mx53-120-80-19","status":"publish","type":"product","link":"https:\/\/www.promoto.fr\/pneus\/product\/dunlop-mx53-120-80-19\/","title":{"rendered":"Dunlop MX53 120\/80-19"},"content":{"rendered":"","protected":false},"excerpt":{"rendered":"<p>Le pneu <strong>Dunlop MX53 120\/80-19 arri\u00e8re<\/strong> est un des pneus cross mixte \/ interm\u00e9diaire qui offre d\u2019excellentes performances sur les pistes interm\u00e9diaire \u00e0 dure, et une am\u00e9lioration substantielle en terrain soft.<\/p>\n","protected":false},"featured_media":1006,"template":"","meta":[],"product_cat":[28,41],"product_tag":[],"class_list":["post-1005","product","type-product","status-publish","has-post-thumbnail","hentry","product_cat-cross-et-enduro","product_cat-trail","odd"],"yoast_head":"<!-- This site is optimized with the Yoast SEO plugin v19.0 - https:\/\/yoast.com\/wordpress\/plugins\/seo\/ -->\n<title>Dunlop MX53 120\/80-19 - Promoto pneu<\/title>\n<meta name=\"description\" content=\"Achetez vos pneus motocross Dunlop MX53 100\/90-19 en ligne, retrouvez le Dunlop MX53 100\/90-19 arri\u00e8re pas cher chez Promoto Martinique.\" \/>\n<meta name=\"robots\" content=\"index, follow, max-snippet:-1, max-image-preview:large, max-video-preview:-1\" \/>\n<link rel=\"canonical\" href=\"https:\/\/www.promoto.fr\/pneus\/product\/dunlop-mx53-120-80-19\/\" \/>\n<meta property=\"og:locale\" content=\"fr_FR\" \/>\n<meta property=\"og:type\" content=\"article\" \/>\n<meta property=\"og:title\" content=\"Dunlop MX53 100\/90-19\" \/>\n<meta property=\"og:description\" content=\"Achetez vos pneus moto Dunlop MX53 100\/90-19 en ligne, retrouvez le Dunlop MX53 100\/90-19 arri\u00e8re pas cher chez Promoto Martinique.\" \/>\n<meta property=\"og:url\" content=\"https:\/\/www.promoto.fr\/pneus\/product\/dunlop-mx53-120-80-19\/\" \/>\n<meta property=\"og:site_name\" content=\"Promoto pneu\" \/>\n<meta property=\"article:publisher\" content=\"https:\/\/www.facebook.com\/promoto972\" \/>\n<meta property=\"article:modified_time\" content=\"2023-09-27T19:48:58+00:00\" \/>\n<meta property=\"og:image\" content=\"https:\/\/www.promoto.fr\/pneus\/wp-content\/uploads\/2023\/09\/1208019-MX53.jpg\" \/>\n\t<meta property=\"og:image:width\" content=\"225\" \/>\n\t<meta property=\"og:image:height\" content=\"225\" \/>\n\t<meta property=\"og:image:type\" content=\"image\/jpeg\" \/>\n<meta name=\"twitter:card\" content=\"summary_large_image\" \/>\n<meta name=\"twitter:title\" content=\"Dunlop MX53 100\/90-19\" \/>\n<meta name=\"twitter:description\" content=\"Achetez vos pneus moto Dunlop MX53 100\/90-19 en ligne, retrouvez le Dunlop MX53 100\/90-19 arri\u00e8re pas cher chez Promoto Martinique.\" \/>\n<script type=\"application\/ld+json\" class=\"yoast-schema-graph\">{\"@context\":\"https:\/\/schema.org\",\"@graph\":[{\"@type\":\"Organization\",\"@id\":\"https:\/\/www.promoto.fr\/pneus\/#organization\",\"name\":\"Promoto pneu\",\"url\":\"https:\/\/www.promoto.fr\/pneus\/\",\"sameAs\":[\"https:\/\/www.instagram.com\/promoto972\/\",\"https:\/\/www.facebook.com\/promoto972\"],\"logo\":{\"@type\":\"ImageObject\",\"inLanguage\":\"fr-FR\",\"@id\":\"https:\/\/www.promoto.fr\/pneus\/#\/schema\/logo\/image\/\",\"url\":\"https:\/\/www.promoto.fr\/pneus\/wp-content\/uploads\/2022\/05\/Logo-site-promoto-pneu-copie.png\",\"contentUrl\":\"https:\/\/www.promoto.fr\/pneus\/wp-content\/uploads\/2022\/05\/Logo-site-promoto-pneu-copie.png\",\"width\":1588,\"height\":241,\"caption\":\"Promoto pneu\"},\"image\":{\"@id\":\"https:\/\/www.promoto.fr\/pneus\/#\/schema\/logo\/image\/\"}},{\"@type\":\"WebSite\",\"@id\":\"https:\/\/www.promoto.fr\/pneus\/#website\",\"url\":\"https:\/\/www.promoto.fr\/pneus\/\",\"name\":\"Promoto pneu\",\"description\":\"Pneus moto pas cher en ligne\",\"publisher\":{\"@id\":\"https:\/\/www.promoto.fr\/pneus\/#organization\"},\"potentialAction\":[{\"@type\":\"SearchAction\",\"target\":{\"@type\":\"EntryPoint\",\"urlTemplate\":\"https:\/\/www.promoto.fr\/pneus\/?s={search_term_string}\"},\"query-input\":\"required name=search_term_string\"}],\"inLanguage\":\"fr-FR\"},{\"@type\":\"ImageObject\",\"inLanguage\":\"fr-FR\",\"@id\":\"https:\/\/www.promoto.fr\/pneus\/product\/dunlop-mx53-120-80-19\/#primaryimage\",\"url\":\"https:\/\/www.promoto.fr\/pneus\/wp-content\/uploads\/2023\/09\/1208019-MX53.jpg\",\"contentUrl\":\"https:\/\/www.promoto.fr\/pneus\/wp-content\/uploads\/2023\/09\/1208019-MX53.jpg\",\"width\":225,\"height\":225},{\"@type\":\"WebPage\",\"@id\":\"https:\/\/www.promoto.fr\/pneus\/product\/dunlop-mx53-120-80-19\/#webpage\",\"url\":\"https:\/\/www.promoto.fr\/pneus\/product\/dunlop-mx53-120-80-19\/\",\"name\":\"Dunlop MX53 120\/80-19 - Promoto pneu\",\"isPartOf\":{\"@id\":\"https:\/\/www.promoto.fr\/pneus\/#website\"},\"primaryImageOfPage\":{\"@id\":\"https:\/\/www.promoto.fr\/pneus\/product\/dunlop-mx53-120-80-19\/#primaryimage\"},\"datePublished\":\"2023-09-27T19:45:20+00:00\",\"dateModified\":\"2023-09-27T19:48:58+00:00\",\"description\":\"Achetez vos pneus motocross Dunlop MX53 100\/90-19 en ligne, retrouvez le Dunlop MX53 100\/90-19 arri\u00e8re pas cher chez Promoto Martinique.\",\"breadcrumb\":{\"@id\":\"https:\/\/www.promoto.fr\/pneus\/product\/dunlop-mx53-120-80-19\/#breadcrumb\"},\"inLanguage\":\"fr-FR\",\"potentialAction\":[{\"@type\":\"ReadAction\",\"target\":[\"https:\/\/www.promoto.fr\/pneus\/product\/dunlop-mx53-120-80-19\/\"]}]},{\"@type\":\"BreadcrumbList\",\"@id\":\"https:\/\/www.promoto.fr\/pneus\/product\/dunlop-mx53-120-80-19\/#breadcrumb\",\"itemListElement\":[{\"@type\":\"ListItem\",\"position\":1,\"name\":\"Accueil\",\"item\":\"https:\/\/www.promoto.fr\/pneus\/\"},{\"@type\":\"ListItem\",\"position\":2,\"name\":\"Nos exclusivit\u00e9s web de pneus moto et scooter\",\"item\":\"https:\/\/www.promoto.fr\/pneus\/nos-exclusivites-web-de-pneus-moto-scooter\/\"},{\"@type\":\"ListItem\",\"position\":3,\"name\":\"Dunlop MX53 120\/80-19\"}]}]}<\/script>\n<!-- \/ Yoast SEO plugin. -->","yoast_head_json":{"title":"Dunlop MX53 120\/80-19 - Promoto pneu","description":"Achetez vos pneus motocross Dunlop MX53 100\/90-19 en ligne, retrouvez le Dunlop MX53 100\/90-19 arri\u00e8re pas cher chez Promoto Martinique.","robots":{"index":"index","follow":"follow","max-snippet":"max-snippet:-1","max-image-preview":"max-image-preview:large","max-video-preview":"max-video-preview:-1"},"canonical":"https:\/\/www.promoto.fr\/pneus\/product\/dunlop-mx53-120-80-19\/","og_locale":"fr_FR","og_type":"article","og_title":"Dunlop MX53 100\/90-19","og_description":"Achetez vos pneus moto Dunlop MX53 100\/90-19 en ligne, retrouvez le Dunlop MX53 100\/90-19 arri\u00e8re pas cher chez Promoto Martinique.","og_url":"https:\/\/www.promoto.fr\/pneus\/product\/dunlop-mx53-120-80-19\/","og_site_name":"Promoto pneu","article_publisher":"https:\/\/www.facebook.com\/promoto972","article_modified_time":"2023-09-27T19:48:58+00:00","og_image":[{"width":225,"height":225,"url":"https:\/\/www.promoto.fr\/pneus\/wp-content\/uploads\/2023\/09\/1208019-MX53.jpg","type":"image\/jpeg"}],"twitter_card":"summary_large_image","twitter_title":"Dunlop MX53 100\/90-19","twitter_description":"Achetez vos pneus moto Dunlop MX53 100\/90-19 en ligne, retrouvez le Dunlop MX53 100\/90-19 arri\u00e8re pas cher chez Promoto Martinique.","schema":{"@context":"https:\/\/schema.org","@graph":[{"@type":"Organization","@id":"https:\/\/www.promoto.fr\/pneus\/#organization","name":"Promoto pneu","url":"https:\/\/www.promoto.fr\/pneus\/","sameAs":["https:\/\/www.instagram.com\/promoto972\/","https:\/\/www.facebook.com\/promoto972"],"logo":{"@type":"ImageObject","inLanguage":"fr-FR","@id":"https:\/\/www.promoto.fr\/pneus\/#\/schema\/logo\/image\/","url":"https:\/\/www.promoto.fr\/pneus\/wp-content\/uploads\/2022\/05\/Logo-site-promoto-pneu-copie.png","contentUrl":"https:\/\/www.promoto.fr\/pneus\/wp-content\/uploads\/2022\/05\/Logo-site-promoto-pneu-copie.png","width":1588,"height":241,"caption":"Promoto pneu"},"image":{"@id":"https:\/\/www.promoto.fr\/pneus\/#\/schema\/logo\/image\/"}},{"@type":"WebSite","@id":"https:\/\/www.promoto.fr\/pneus\/#website","url":"https:\/\/www.promoto.fr\/pneus\/","name":"Promoto pneu","description":"Pneus moto pas cher en ligne","publisher":{"@id":"https:\/\/www.promoto.fr\/pneus\/#organization"},"potentialAction":[{"@type":"SearchAction","target":{"@type":"EntryPoint","urlTemplate":"https:\/\/www.promoto.fr\/pneus\/?s={search_term_string}"},"query-input":"required name=search_term_string"}],"inLanguage":"fr-FR"},{"@type":"ImageObject","inLanguage":"fr-FR","@id":"https:\/\/www.promoto.fr\/pneus\/product\/dunlop-mx53-120-80-19\/#primaryimage","url":"https:\/\/www.promoto.fr\/pneus\/wp-content\/uploads\/2023\/09\/1208019-MX53.jpg","contentUrl":"https:\/\/www.promoto.fr\/pneus\/wp-content\/uploads\/2023\/09\/1208019-MX53.jpg","width":225,"height":225},{"@type":"WebPage","@id":"https:\/\/www.promoto.fr\/pneus\/product\/dunlop-mx53-120-80-19\/#webpage","url":"https:\/\/www.promoto.fr\/pneus\/product\/dunlop-mx53-120-80-19\/","name":"Dunlop MX53 120\/80-19 - Promoto pneu","isPartOf":{"@id":"https:\/\/www.promoto.fr\/pneus\/#website"},"primaryImageOfPage":{"@id":"https:\/\/www.promoto.fr\/pneus\/product\/dunlop-mx53-120-80-19\/#primaryimage"},"datePublished":"2023-09-27T19:45:20+00:00","dateModified":"2023-09-27T19:48:58+00:00","description":"Achetez vos pneus motocross Dunlop MX53 100\/90-19 en ligne, retrouvez le Dunlop MX53 100\/90-19 arri\u00e8re pas cher chez Promoto Martinique.","breadcrumb":{"@id":"https:\/\/www.promoto.fr\/pneus\/product\/dunlop-mx53-120-80-19\/#breadcrumb"},"inLanguage":"fr-FR","potentialAction":[{"@type":"ReadAction","target":["https:\/\/www.promoto.fr\/pneus\/product\/dunlop-mx53-120-80-19\/"]}]},{"@type":"BreadcrumbList","@id":"https:\/\/www.promoto.fr\/pneus\/product\/dunlop-mx53-120-80-19\/#breadcrumb","itemListElement":[{"@type":"ListItem","position":1,"name":"Accueil","item":"https:\/\/www.promoto.fr\/pneus\/"},{"@type":"ListItem","position":2,"name":"Nos exclusivit\u00e9s web de pneus moto et scooter","item":"https:\/\/www.promoto.fr\/pneus\/nos-exclusivites-web-de-pneus-moto-scooter\/"},{"@type":"ListItem","position":3,"name":"Dunlop MX53 120\/80-19"}]}]}},"_links":{"self":[{"href":"https:\/\/www.promoto.fr\/pneus\/wp-json\/wp\/v2\/product\/1005","targetHints":{"allow":["GET"]}}],"collection":[{"href":"https:\/\/www.promoto.fr\/pneus\/wp-json\/wp\/v2\/product"}],"about":[{"href":"https:\/\/www.promoto.fr\/pneus\/wp-json\/wp\/v2\/types\/product"}],"wp:featuredmedia":[{"embeddable":true,"href":"https:\/\/www.promoto.fr\/pneus\/wp-json\/wp\/v2\/media\/1006"}],"wp:attachment":[{"href":"https:\/\/www.promoto.fr\/pneus\/wp-json\/wp\/v2\/media?parent=1005"}],"wp:term":[{"taxonomy":"product_cat","embeddable":true,"href":"https:\/\/www.promoto.fr\/pneus\/wp-json\/wp\/v2\/product_cat?post=1005"},{"taxonomy":"product_tag","embeddable":true,"href":"https:\/\/www.promoto.fr\/pneus\/wp-json\/wp\/v2\/product_tag?post=1005"}],"curies":[{"name":"wp","href":"https:\/\/api.w.org\/{rel}","templated":true}]}}